{"id":408,"date":"2023-09-27T10:23:51","date_gmt":"2023-09-27T10:23:51","guid":{"rendered":"https:\/\/www.nlapromotores.com\/?page_id=408"},"modified":"2023-09-27T10:27:49","modified_gmt":"2023-09-27T10:27:49","slug":"los-alcazares","status":"publish","type":"page","link":"https:\/\/www.nlapromotores.com\/en\/los-alcazares\/","title":{"rendered":"Los Alc\u00e1zares"},"content":{"rendered":"<div data-elementor-type=\"wp-page\" data-elementor-id=\"408\" class=\"elementor elementor-408\" data-elementor-post-type=\"page\">\n\t\t\t\t\t\t<section class=\"elementor-section elementor-top-section elementor-element elementor-element-5948190 wd-section-stretch elementor-reverse-mobile elementor-section-boxed elementor-section-height-default elementor-section-height-default\" data-id=\"5948190\" data-element_type=\"section\" data-e-type=\"section\">\n\t\t\t\t\t\t<div class=\"elementor-container elementor-column-gap-default\">\n\t\t\t\t\t<div class=\"elementor-column elementor-col-50 elementor-top-column elementor-element elementor-element-236a66b wd-animation-slide-short-from-left wd-animation-normal wd_delay_100\" data-id=\"236a66b\" data-element_type=\"column\" data-e-type=\"column\">\n\t\t\t<div class=\"elementor-widget-wrap elementor-element-populated\">\n\t\t\t\t\t\t<div class=\"elementor-element elementor-element-78c4a80 elementor-widget__width-auto elementor-widget elementor-widget-wd_text_block\" data-id=\"78c4a80\" data-element_type=\"widget\" data-e-type=\"widget\" data-widget_type=\"wd_text_block.default\">\n\t\t\t\t<div class=\"elementor-widget-container\">\n\t\t\t\t\t\t\t\t<link rel=\"stylesheet\" id=\"wd-text-block-css\" href=\"https:\/\/www.nlapromotores.com\/wp-content\/themes\/woodmart\/css\/parts\/el-text-block.min.css?ver=7.3.2\" type=\"text\/css\" media=\"all\" \/> \t\t\t\t\t<div class=\"wd-text-block reset-last-child text-left\">\n\t\t\t\n\t\t\t<p>Los Alc\u00e1zares, a spa town, former fishing village on the western side of the Mar Menor, in the autonomous community and province of Murcia, southeast of Spain.<\/p><p>The Mar Menor, this salt lagoon bathes other municipalities: San Javier, San Pedro del Pinatar and Cartagena and the largest saltwater lagoon in Europe. Connected to the Mediterranean Sea adjacent to several channels, the Mar Menor has an area of almost 20 km\u00b2. From 2 to 4 degrees warmer than the Mediterranean, it has a very popular destination for sailing, windsurfing, kite surfing and other water sports. The beaches of Los Alc\u00e1zares have been awarded with blue flags and prizes in recognition of the cleanliness and maintenance of the Mar Menor beaches.<\/p><p>On October 13, 1983, the town was granted municipal autonomy, this fact is commemorated with the annual celebration of a week with live music, shows, windsurfing competitions and fireworks.<\/p><p>In addition to the annual celebration of municipal autonomy, like many towns and cities in Spain, Los Alc\u00e1zares also organizes festivals throughout the year, including a large medieval market at Easter, and during the last two weeks of August, \u2018Semana de la Huerta\u2019, an international festival of folklore and a popular celebration where fruits and vegetables from the area are enjoyed.<\/p>\n\t\t\t\t\t<\/div>\n\t\t\t\t\t\t<\/div>\n\t\t\t\t<\/div>\n\t\t\t\t\t<\/div>\n\t\t<\/div>\n\t\t\t\t<div class=\"elementor-column elementor-col-50 elementor-top-column elementor-element elementor-element-8304869\" data-id=\"8304869\" data-element_type=\"column\" data-e-type=\"column\">\n\t\t\t<div class=\"elementor-widget-wrap elementor-element-populated\">\n\t\t\t\t\t\t\t<link rel=\"stylesheet\" id=\"wd-animations-css\" href=\"https:\/\/www.nlapromotores.com\/wp-content\/themes\/woodmart\/css\/parts\/mod-animations-transform.min.css?ver=7.3.2\" type=\"text\/css\" media=\"all\" \/> \t\t\t\t\t<div class=\"elementor-element elementor-element-0c4b2ea elementor-widget__width-auto wd-animation-slide-from-bottom wd-animation-normal wd_delay_100 elementor-widget elementor-widget-wd_image_or_svg\" data-id=\"0c4b2ea\" data-element_type=\"widget\" data-e-type=\"widget\" data-widget_type=\"wd_image_or_svg.default\">\n\t\t\t\t<div class=\"elementor-widget-container\">\n\t\t\t\t\t\n\t\t<div class=\"wd-image text-center\">\n\t\t\t\t\t\t\t\t<img fetchpriority=\"high\" decoding=\"async\" width=\"586\" height=\"610\" src=\"https:\/\/www.nlapromotores.com\/wp-content\/uploads\/2023\/09\/los_alcazares.jpg\" class=\"attachment-full size-full\" alt=\"\" srcset=\"https:\/\/www.nlapromotores.com\/wp-content\/uploads\/2023\/09\/los_alcazares.jpg 586w, https:\/\/www.nlapromotores.com\/wp-content\/uploads\/2023\/09\/los_alcazares-288x300.jpg 288w\" sizes=\"(max-width: 586px) 100vw, 586px\" \/>\t\t\t\t\t<\/div>\n\n\t\t\t\t\t\t<\/div>\n\t\t\t\t<\/div>\n\t\t\t\t\t<\/div>\n\t\t<\/div>\n\t\t\t\t\t<\/div>\n\t\t<\/section>\n\t\t\t\t<\/div>","protected":false},"excerpt":{"rendered":"<p>Los Alc\u00e1zares, un pueblo balneario, antiguo pueblo de pescadores en el lado occidental del Mar Menor, en la comunidad aut\u00f3noma<\/p>","protected":false},"author":1,"featured_media":0,"parent":0,"menu_order":6,"comment_status":"closed","ping_status":"closed","template":"","meta":{"_acf_changed":false,"footnotes":""},"class_list":["post-408","page","type-page","status-publish","hentry"],"acf":[],"yoast_head":"<!-- This site is optimized with the Yoast SEO plugin v27.5 - https:\/\/yoast.com\/product\/yoast-seo-wordpress\/ -->\n<title>Los Alc\u00e1zares - NLA Grupo Inmobiliario<\/title>\n<meta name=\"robots\" content=\"index, follow, max-snippet:-1, max-image-preview:large, max-video-preview:-1\" \/>\n<link rel=\"canonical\" href=\"https:\/\/www.nlapromotores.com\/en\/los-alcazares\/\" \/>\n<meta property=\"og:locale\" content=\"en_GB\" \/>\n<meta property=\"og:type\" content=\"article\" \/>\n<meta property=\"og:title\" content=\"Los Alc\u00e1zares - NLA Grupo Inmobiliario\" \/>\n<meta property=\"og:description\" content=\"Los Alc\u00e1zares, un pueblo balneario, antiguo pueblo de pescadores en el lado occidental del Mar Menor, en la comunidad aut\u00f3noma\" \/>\n<meta property=\"og:url\" content=\"https:\/\/www.nlapromotores.com\/en\/los-alcazares\/\" \/>\n<meta property=\"og:site_name\" content=\"NLA Grupo Inmobiliario\" \/>\n<meta property=\"article:modified_time\" content=\"2023-09-27T10:27:49+00:00\" \/>\n<meta property=\"og:image\" content=\"https:\/\/www.nlapromotores.com\/wp-content\/uploads\/2023\/09\/los_alcazares.jpg\" \/>\n<meta name=\"twitter:card\" content=\"summary_large_image\" \/>\n<meta name=\"twitter:label1\" content=\"Estimated reading time\" \/>\n\t<meta name=\"twitter:data1\" content=\"2 minutes\" \/>\n<script type=\"application\/ld+json\" class=\"yoast-schema-graph\">{\"@context\":\"https:\\\/\\\/schema.org\",\"@graph\":[{\"@type\":\"WebPage\",\"@id\":\"https:\\\/\\\/www.nlapromotores.com\\\/los-alcazares\\\/\",\"url\":\"https:\\\/\\\/www.nlapromotores.com\\\/los-alcazares\\\/\",\"name\":\"Los Alc\u00e1zares - NLA Grupo Inmobiliario\",\"isPartOf\":{\"@id\":\"https:\\\/\\\/www.nlapromotores.com\\\/#website\"},\"primaryImageOfPage\":{\"@id\":\"https:\\\/\\\/www.nlapromotores.com\\\/los-alcazares\\\/#primaryimage\"},\"image\":{\"@id\":\"https:\\\/\\\/www.nlapromotores.com\\\/los-alcazares\\\/#primaryimage\"},\"thumbnailUrl\":\"https:\\\/\\\/www.nlapromotores.com\\\/wp-content\\\/uploads\\\/2023\\\/09\\\/los_alcazares.jpg\",\"datePublished\":\"2023-09-27T10:23:51+00:00\",\"dateModified\":\"2023-09-27T10:27:49+00:00\",\"breadcrumb\":{\"@id\":\"https:\\\/\\\/www.nlapromotores.com\\\/los-alcazares\\\/#breadcrumb\"},\"inLanguage\":\"en-GB\",\"potentialAction\":[{\"@type\":\"ReadAction\",\"target\":[\"https:\\\/\\\/www.nlapromotores.com\\\/los-alcazares\\\/\"]}]},{\"@type\":\"ImageObject\",\"inLanguage\":\"en-GB\",\"@id\":\"https:\\\/\\\/www.nlapromotores.com\\\/los-alcazares\\\/#primaryimage\",\"url\":\"https:\\\/\\\/www.nlapromotores.com\\\/wp-content\\\/uploads\\\/2023\\\/09\\\/los_alcazares.jpg\",\"contentUrl\":\"https:\\\/\\\/www.nlapromotores.com\\\/wp-content\\\/uploads\\\/2023\\\/09\\\/los_alcazares.jpg\"},{\"@type\":\"BreadcrumbList\",\"@id\":\"https:\\\/\\\/www.nlapromotores.com\\\/los-alcazares\\\/#breadcrumb\",\"itemListElement\":[{\"@type\":\"ListItem\",\"position\":1,\"name\":\"Portada\",\"item\":\"https:\\\/\\\/www.nlapromotores.com\\\/\"},{\"@type\":\"ListItem\",\"position\":2,\"name\":\"Los Alc\u00e1zares\"}]},{\"@type\":\"WebSite\",\"@id\":\"https:\\\/\\\/www.nlapromotores.com\\\/#website\",\"url\":\"https:\\\/\\\/www.nlapromotores.com\\\/\",\"name\":\"NLA Grupo Inmobiliario\",\"description\":\"Construccio\u0301n y comercializacio\u0301n de viviendas en el a\u0301rea del Mar Menor\",\"potentialAction\":[{\"@type\":\"SearchAction\",\"target\":{\"@type\":\"EntryPoint\",\"urlTemplate\":\"https:\\\/\\\/www.nlapromotores.com\\\/?s={search_term_string}\"},\"query-input\":{\"@type\":\"PropertyValueSpecification\",\"valueRequired\":true,\"valueName\":\"search_term_string\"}}],\"inLanguage\":\"en-GB\"}]}<\/script>\n<!-- \/ Yoast SEO plugin. -->","yoast_head_json":{"title":"Los Alc\u00e1zares - NLA Grupo Inmobiliario","robots":{"index":"index","follow":"follow","max-snippet":"max-snippet:-1","max-image-preview":"max-image-preview:large","max-video-preview":"max-video-preview:-1"},"canonical":"https:\/\/www.nlapromotores.com\/en\/los-alcazares\/","og_locale":"en_GB","og_type":"article","og_title":"Los Alc\u00e1zares - NLA Grupo Inmobiliario","og_description":"Los Alc\u00e1zares, un pueblo balneario, antiguo pueblo de pescadores en el lado occidental del Mar Menor, en la comunidad aut\u00f3noma","og_url":"https:\/\/www.nlapromotores.com\/en\/los-alcazares\/","og_site_name":"NLA Grupo Inmobiliario","article_modified_time":"2023-09-27T10:27:49+00:00","og_image":[{"url":"https:\/\/www.nlapromotores.com\/wp-content\/uploads\/2023\/09\/los_alcazares.jpg","type":"","width":"","height":""}],"twitter_card":"summary_large_image","twitter_misc":{"Estimated reading time":"2 minutes"},"schema":{"@context":"https:\/\/schema.org","@graph":[{"@type":"WebPage","@id":"https:\/\/www.nlapromotores.com\/los-alcazares\/","url":"https:\/\/www.nlapromotores.com\/los-alcazares\/","name":"Los Alc\u00e1zares - NLA Grupo Inmobiliario","isPartOf":{"@id":"https:\/\/www.nlapromotores.com\/#website"},"primaryImageOfPage":{"@id":"https:\/\/www.nlapromotores.com\/los-alcazares\/#primaryimage"},"image":{"@id":"https:\/\/www.nlapromotores.com\/los-alcazares\/#primaryimage"},"thumbnailUrl":"https:\/\/www.nlapromotores.com\/wp-content\/uploads\/2023\/09\/los_alcazares.jpg","datePublished":"2023-09-27T10:23:51+00:00","dateModified":"2023-09-27T10:27:49+00:00","breadcrumb":{"@id":"https:\/\/www.nlapromotores.com\/los-alcazares\/#breadcrumb"},"inLanguage":"en-GB","potentialAction":[{"@type":"ReadAction","target":["https:\/\/www.nlapromotores.com\/los-alcazares\/"]}]},{"@type":"ImageObject","inLanguage":"en-GB","@id":"https:\/\/www.nlapromotores.com\/los-alcazares\/#primaryimage","url":"https:\/\/www.nlapromotores.com\/wp-content\/uploads\/2023\/09\/los_alcazares.jpg","contentUrl":"https:\/\/www.nlapromotores.com\/wp-content\/uploads\/2023\/09\/los_alcazares.jpg"},{"@type":"BreadcrumbList","@id":"https:\/\/www.nlapromotores.com\/los-alcazares\/#breadcrumb","itemListElement":[{"@type":"ListItem","position":1,"name":"Portada","item":"https:\/\/www.nlapromotores.com\/"},{"@type":"ListItem","position":2,"name":"Los Alc\u00e1zares"}]},{"@type":"WebSite","@id":"https:\/\/www.nlapromotores.com\/#website","url":"https:\/\/www.nlapromotores.com\/","name":"NLA Promoters","description":"Building and marketing homes in the area of the Mar Menor","potentialAction":[{"@type":"SearchAction","target":{"@type":"EntryPoint","urlTemplate":"https:\/\/www.nlapromotores.com\/?s={search_term_string}"},"query-input":{"@type":"PropertyValueSpecification","valueRequired":true,"valueName":"search_term_string"}}],"inLanguage":"en-GB"}]}},"_links":{"self":[{"href":"https:\/\/www.nlapromotores.com\/en\/wp-json\/wp\/v2\/pages\/408","targetHints":{"allow":["GET"]}}],"collection":[{"href":"https:\/\/www.nlapromotores.com\/en\/wp-json\/wp\/v2\/pages"}],"about":[{"href":"https:\/\/www.nlapromotores.com\/en\/wp-json\/wp\/v2\/types\/page"}],"author":[{"embeddable":true,"href":"https:\/\/www.nlapromotores.com\/en\/wp-json\/wp\/v2\/users\/1"}],"replies":[{"embeddable":true,"href":"https:\/\/www.nlapromotores.com\/en\/wp-json\/wp\/v2\/comments?post=408"}],"version-history":[{"count":4,"href":"https:\/\/www.nlapromotores.com\/en\/wp-json\/wp\/v2\/pages\/408\/revisions"}],"predecessor-version":[{"id":422,"href":"https:\/\/www.nlapromotores.com\/en\/wp-json\/wp\/v2\/pages\/408\/revisions\/422"}],"wp:attachment":[{"href":"https:\/\/www.nlapromotores.com\/en\/wp-json\/wp\/v2\/media?parent=408"}],"curies":[{"name":"wp","href":"https:\/\/api.w.org\/{rel}","templated":true}]}}