{"id":523,"date":"2023-10-19T08:13:33","date_gmt":"2023-10-19T08:13:33","guid":{"rendered":"https:\/\/www.nlapromotores.com\/?page_id=523"},"modified":"2023-10-19T08:13:54","modified_gmt":"2023-10-19T08:13:54","slug":"accesibilidad","status":"publish","type":"page","link":"https:\/\/www.nlapromotores.com\/en\/accesibilidad\/","title":{"rendered":"Accessibility"},"content":{"rendered":"<p>NLA GRUPO INMOBILIARIO se ha comprometido a hacer accesible su sitio web de conformidad con Real Decreto 1112\/2018, de 7 de septiembre, sobre accesibilidad de los sitios web y aplicaciones para dispositivos m\u00f3viles del sector p\u00fablico, por el que se traspone la Directiva (UE) 2016\/2102 del Parlamento Europeo y del Consejo, de 26 de octubre de 2016.<\/p>\n\n\n\n<p>La presente declaraci\u00f3n de accesibilidad se aplica al sitio web https:\/\/www.nlapromotores.com excluyendo los contenidos publicados que proceden de otros dominios.<\/p>\n\n\n\n<h2 class=\"wp-block-heading\">Situaci\u00f3n de cumplimiento<\/h2>\n\n\n\n<p>Este sitio web es parcialmente conforme con el Real Decreto 1112\/2018 debido la falta de conformidad de los aspectos que se indican a continuaci\u00f3n.<\/p>\n\n\n\n<h2 class=\"wp-block-heading\">Contenido no accesible<\/h2>\n\n\n\n<p>Este sitio web es parcialmente conforme con el Real Decreto 1112\/2018 debido la falta de conformidad de los aspectos que se indican a continuaci\u00f3n.<\/p>\n\n\n\n<ol class=\"wp-block-list\">\n<li><strong>Falta de conformidad con Real Decreto 1112\/2018<\/strong>\n<ul class=\"wp-block-list\">\n<li>En algunos elementos, puede existir falta de contenido no textual (requisito n\u00famero 9.1.1.1 de la norma UNE-EN 301549-2022 contenido no textual).<\/li>\n\n\n\n<li>En algunos elementos, puede existir falta de informaci\u00f3n o relaciones existentes (requisito n\u00famero 9.1.3.1 de la norma UNE-EN 301549-2022 informaci\u00f3n y relaciones).<\/li>\n\n\n\n<li>En algunos elementos, puede existir falta de secuencia significativa (requisito n\u00famero 9.1.3.2 de la norma UNE-EN 301549-2022 secuencia significativa).<\/li>\n\n\n\n<li>En algunas p\u00e1ginas, puede que los elementos con anchos absolutos oculten informaci\u00f3n al redimensionarse la p\u00e1gina o tama\u00f1o de fuente del texto (requisito n\u00famero 9.1.4.4 de la norma UNE-EN 301549-2022 reajuste de texto).<\/li>\n\n\n\n<li>En algunos elementos, puede existir una secuencia de encabezados incorrecta (requisito n\u00famero 9.2.4.1 de la norma UNE-EN 301549-2022 evitar bloques).<\/li>\n\n\n\n<li>En algunos elementos, puede existir falta de contenido en los enlaces o que se encuentren con el mismo texto y destinos diferentes (requisito n\u00famero 9.2.4.4 de la norma UNE-EN 301549-2022 prop\u00f3sito de los enlaces).<\/li>\n\n\n\n<li>En algunos encabezados y etiquetas puede faltar descripci\u00f3n del tema o finalidad (requisito n\u00famero 9.2.4.6 de la norma UNE-EN 301549-2022 encabezados y etiquetas).<\/li>\n\n\n\n<li>Es posible que en algunos casos, no se proporcionen etiquetas o instrucciones para indicar su funcionalidad (requisito n\u00famero 9.3.3.2 de la norma UNE-EN 301549-2022 Etiquetas o instrucciones).<\/li>\n\n\n\n<li>Es posible que en algunos casos, se encuentren controles de formulario sin etiquetar (requisito n\u00famero 9.4.1.2 de la norma UNE-EN 301549-2022 Nombre, funci\u00f3n, valor).<\/li>\n<\/ul>\n<\/li>\n\n\n\n<li>Carga desproporcionada\n<ul class=\"wp-block-list\">\n<li>No aplica<\/li>\n<\/ul>\n<\/li>\n<\/ol>\n\n\n\n<h2 class=\"wp-block-heading\">Preparaci\u00f3n de la presente declaraci\u00f3n de accesibilidad<\/h2>\n\n\n\n<p>La presente declaraci\u00f3n fue preparada el 15 de Mayo de 2023.<\/p>\n\n\n\n<p>\u00daltima actualizaci\u00f3n de la declaraci\u00f3n: 15 de Mayo de 2023. El m\u00e9todo empleado para actualizar la declaraci\u00f3n ha sido una evaluaci\u00f3n llevada a cabo por el propio organismo.<\/p>\n\n\n\n<h2 class=\"wp-block-heading\">OBSERVACIONES Y DATOS DE CONTACTO<\/h2>\n\n\n\n<p>Puede realizar comunicaciones sobre requisitos de accesibilidad (art\u00edculo 10.2.a del RD 1112\/2018) como por ejemplo:<\/p>\n\n\n\n<ul class=\"wp-block-list\">\n<li>informar sobre cualquier posible incumplimiento por parte de este sitio web<\/li>\n\n\n\n<li>transmitir otras dificultades de acceso al contenido<\/li>\n\n\n\n<li>formular cualquier otra consulta o sugerencia de mejora relativa a la accesibilidad del sitio web<\/li>\n<\/ul>\n\n\n\n<p>a trav\u00e9s del&nbsp;formulario de contacto&nbsp;de este sitio web.<\/p>","protected":false},"excerpt":{"rendered":"<p>NLA GRUPO INMOBILIARIO se ha comprometido a hacer accesible su sitio web de conformidad con Real Decreto 1112\/2018, de 7<\/p>","protected":false},"author":1,"featured_media":0,"parent":0,"menu_order":12,"comment_status":"closed","ping_status":"closed","template":"","meta":{"_acf_changed":false,"footnotes":""},"class_list":["post-523","page","type-page","status-publish","hentry"],"acf":[],"yoast_head":"<!-- This site is optimized with the Yoast SEO plugin v27.5 - https:\/\/yoast.com\/product\/yoast-seo-wordpress\/ -->\n<title>Accesibilidad - NLA Grupo Inmobiliario<\/title>\n<meta name=\"robots\" content=\"index, follow, max-snippet:-1, max-image-preview:large, max-video-preview:-1\" \/>\n<link rel=\"canonical\" href=\"https:\/\/www.nlapromotores.com\/en\/accesibilidad\/\" \/>\n<meta property=\"og:locale\" content=\"en_GB\" \/>\n<meta property=\"og:type\" content=\"article\" \/>\n<meta property=\"og:title\" content=\"Accesibilidad - NLA Grupo Inmobiliario\" \/>\n<meta property=\"og:description\" content=\"NLA GRUPO INMOBILIARIO se ha comprometido a hacer accesible su sitio web de conformidad con Real Decreto 1112\/2018, de 7\" \/>\n<meta property=\"og:url\" content=\"https:\/\/www.nlapromotores.com\/en\/accesibilidad\/\" \/>\n<meta property=\"og:site_name\" content=\"NLA Grupo Inmobiliario\" \/>\n<meta property=\"article:modified_time\" content=\"2023-10-19T08:13:54+00:00\" \/>\n<meta name=\"twitter:card\" content=\"summary_large_image\" \/>\n<meta name=\"twitter:label1\" content=\"Estimated reading time\" \/>\n\t<meta name=\"twitter:data1\" content=\"3 minutes\" \/>\n<script type=\"application\/ld+json\" class=\"yoast-schema-graph\">{\"@context\":\"https:\\\/\\\/schema.org\",\"@graph\":[{\"@type\":\"WebPage\",\"@id\":\"https:\\\/\\\/www.nlapromotores.com\\\/accesibilidad\\\/\",\"url\":\"https:\\\/\\\/www.nlapromotores.com\\\/accesibilidad\\\/\",\"name\":\"Accesibilidad - NLA Grupo Inmobiliario\",\"isPartOf\":{\"@id\":\"https:\\\/\\\/www.nlapromotores.com\\\/#website\"},\"datePublished\":\"2023-10-19T08:13:33+00:00\",\"dateModified\":\"2023-10-19T08:13:54+00:00\",\"breadcrumb\":{\"@id\":\"https:\\\/\\\/www.nlapromotores.com\\\/accesibilidad\\\/#breadcrumb\"},\"inLanguage\":\"en-GB\",\"potentialAction\":[{\"@type\":\"ReadAction\",\"target\":[\"https:\\\/\\\/www.nlapromotores.com\\\/accesibilidad\\\/\"]}]},{\"@type\":\"BreadcrumbList\",\"@id\":\"https:\\\/\\\/www.nlapromotores.com\\\/accesibilidad\\\/#breadcrumb\",\"itemListElement\":[{\"@type\":\"ListItem\",\"position\":1,\"name\":\"Portada\",\"item\":\"https:\\\/\\\/www.nlapromotores.com\\\/\"},{\"@type\":\"ListItem\",\"position\":2,\"name\":\"Accesibilidad\"}]},{\"@type\":\"WebSite\",\"@id\":\"https:\\\/\\\/www.nlapromotores.com\\\/#website\",\"url\":\"https:\\\/\\\/www.nlapromotores.com\\\/\",\"name\":\"NLA Grupo Inmobiliario\",\"description\":\"Construccio\u0301n y comercializacio\u0301n de viviendas en el a\u0301rea del Mar Menor\",\"potentialAction\":[{\"@type\":\"SearchAction\",\"target\":{\"@type\":\"EntryPoint\",\"urlTemplate\":\"https:\\\/\\\/www.nlapromotores.com\\\/?s={search_term_string}\"},\"query-input\":{\"@type\":\"PropertyValueSpecification\",\"valueRequired\":true,\"valueName\":\"search_term_string\"}}],\"inLanguage\":\"en-GB\"}]}<\/script>\n<!-- \/ Yoast SEO plugin. -->","yoast_head_json":{"title":"Accesibilidad - NLA Grupo Inmobiliario","robots":{"index":"index","follow":"follow","max-snippet":"max-snippet:-1","max-image-preview":"max-image-preview:large","max-video-preview":"max-video-preview:-1"},"canonical":"https:\/\/www.nlapromotores.com\/en\/accesibilidad\/","og_locale":"en_GB","og_type":"article","og_title":"Accesibilidad - NLA Grupo Inmobiliario","og_description":"NLA GRUPO INMOBILIARIO se ha comprometido a hacer accesible su sitio web de conformidad con Real Decreto 1112\/2018, de 7","og_url":"https:\/\/www.nlapromotores.com\/en\/accesibilidad\/","og_site_name":"NLA Grupo Inmobiliario","article_modified_time":"2023-10-19T08:13:54+00:00","twitter_card":"summary_large_image","twitter_misc":{"Estimated reading time":"3 minutes"},"schema":{"@context":"https:\/\/schema.org","@graph":[{"@type":"WebPage","@id":"https:\/\/www.nlapromotores.com\/accesibilidad\/","url":"https:\/\/www.nlapromotores.com\/accesibilidad\/","name":"Accesibilidad - NLA Grupo Inmobiliario","isPartOf":{"@id":"https:\/\/www.nlapromotores.com\/#website"},"datePublished":"2023-10-19T08:13:33+00:00","dateModified":"2023-10-19T08:13:54+00:00","breadcrumb":{"@id":"https:\/\/www.nlapromotores.com\/accesibilidad\/#breadcrumb"},"inLanguage":"en-GB","potentialAction":[{"@type":"ReadAction","target":["https:\/\/www.nlapromotores.com\/accesibilidad\/"]}]},{"@type":"BreadcrumbList","@id":"https:\/\/www.nlapromotores.com\/accesibilidad\/#breadcrumb","itemListElement":[{"@type":"ListItem","position":1,"name":"Portada","item":"https:\/\/www.nlapromotores.com\/"},{"@type":"ListItem","position":2,"name":"Accesibilidad"}]},{"@type":"WebSite","@id":"https:\/\/www.nlapromotores.com\/#website","url":"https:\/\/www.nlapromotores.com\/","name":"NLA Promoters","description":"Building and marketing homes in the area of the Mar Menor","potentialAction":[{"@type":"SearchAction","target":{"@type":"EntryPoint","urlTemplate":"https:\/\/www.nlapromotores.com\/?s={search_term_string}"},"query-input":{"@type":"PropertyValueSpecification","valueRequired":true,"valueName":"search_term_string"}}],"inLanguage":"en-GB"}]}},"_links":{"self":[{"href":"https:\/\/www.nlapromotores.com\/en\/wp-json\/wp\/v2\/pages\/523","targetHints":{"allow":["GET"]}}],"collection":[{"href":"https:\/\/www.nlapromotores.com\/en\/wp-json\/wp\/v2\/pages"}],"about":[{"href":"https:\/\/www.nlapromotores.com\/en\/wp-json\/wp\/v2\/types\/page"}],"author":[{"embeddable":true,"href":"https:\/\/www.nlapromotores.com\/en\/wp-json\/wp\/v2\/users\/1"}],"replies":[{"embeddable":true,"href":"https:\/\/www.nlapromotores.com\/en\/wp-json\/wp\/v2\/comments?post=523"}],"version-history":[{"count":1,"href":"https:\/\/www.nlapromotores.com\/en\/wp-json\/wp\/v2\/pages\/523\/revisions"}],"predecessor-version":[{"id":524,"href":"https:\/\/www.nlapromotores.com\/en\/wp-json\/wp\/v2\/pages\/523\/revisions\/524"}],"wp:attachment":[{"href":"https:\/\/www.nlapromotores.com\/en\/wp-json\/wp\/v2\/media?parent=523"}],"curies":[{"name":"wp","href":"https:\/\/api.w.org\/{rel}","templated":true}]}}