{"id":525,"date":"2023-10-19T08:16:57","date_gmt":"2023-10-19T08:16:57","guid":{"rendered":"https:\/\/www.nlapromotores.com\/?page_id=525"},"modified":"2023-10-30T08:04:12","modified_gmt":"2023-10-30T08:04:12","slug":"aviso-legal","status":"publish","type":"page","link":"https:\/\/www.nlapromotores.com\/en\/aviso-legal\/","title":{"rendered":"Aviso legal"},"content":{"rendered":"<p>ATENCI\u00d3N: POR FAVOR, LEA DETENIDAMENTE ESTAS CONDICIONES ANTES DE UTILIZAR ESTA WEB, NO LA UTILICE EN CASO DE NO ACEPTAR TALES CONDICIONES.<\/p>\n\n\n\n<p>El presente aviso legal recoge las condiciones generales que rigen el acceso y el uso del sitio Web&nbsp;<a href=\"https:\/\/eur05.safelinks.protection.outlook.com\/?url=http%3A%2F%2Fwww.nlapromotores.com%2F&amp;data=05%7C01%7Cjlmendez%40cetainformatica.es%7C182a446e0c0944eb7ac308dbd153f778%7C7a33e02bd664420a92a21f39b67d8794%7C0%7C0%7C638333930820026419%7CUnknown%7CTWFpbGZsb3d8eyJWIjoiMC4wLjAwMDAiLCJQIjoiV2luMzIiLCJBTiI6Ik1haWwiLCJXVCI6Mn0%3D%7C3000%7C%7C%7C&amp;sdata=ax3iJSjD7dcINrA%2FnlIUV7jyfYFW7Qbeem9bqwiCiz4%3D&amp;reserved=0\">www.nlapromotores.com<\/a>.<\/p>\n\n\n\n<p><strong>DATOS DEL TITULAR DE LA WEB<\/strong><\/p>\n\n\n\n<p>En cumplimiento del art\u00edculo 10 de la Ley 34\/2002, de 11 de julio, de Servicios de la Sociedad de la Informaci\u00f3n y Comercio Electr\u00f3nico, a continuaci\u00f3n, se exponen los datos identificativos de esta web.<\/p>\n\n\n\n<p>Denominaci\u00f3n Social: NEGOCIOS DE LOS ALC\u00c1ZARES XXI, S.L. CIF B- 30896245 <em>(<\/em>en adelante bajo la denominaci\u00f3n comercial&nbsp;NLA<em>).<\/em><\/p>\n\n\n\n<p>Datos de Inscripci\u00f3n Registral: Registro Mercantil de Murcia, Folio 55, tomo 3128, Hoja MU-89189.<\/p>\n\n\n\n<p>Actividad de la empresa: Promoci\u00f3n inmobiliaria de edificaciones.<\/p>\n\n\n\n<p>Domicilio Social: Avenida Libertad N.\u00ba 100A, C.P. 30.710, Los Alc\u00e1zares, Murcia<\/p>\n\n\n\n<p>Email:&nbsp;<a href=\"mailto:sales@nlagrupoinmobiliario.com\">sales@nlagrupoinmobiliario.com<\/a>&nbsp; | Tel\u00e9fono:&nbsp;<strong>968 17 03 35<\/strong><\/p>\n\n\n\n<p><em>NLA<\/em>&nbsp;como titular de la web&nbsp;<a href=\"https:\/\/eur05.safelinks.protection.outlook.com\/?url=http%3A%2F%2Fwww.nlapromotores.com%2F&amp;data=05%7C01%7Cjlmendez%40cetainformatica.es%7C182a446e0c0944eb7ac308dbd153f778%7C7a33e02bd664420a92a21f39b67d8794%7C0%7C0%7C638333930820026419%7CUnknown%7CTWFpbGZsb3d8eyJWIjoiMC4wLjAwMDAiLCJQIjoiV2luMzIiLCJBTiI6Ik1haWwiLCJXVCI6Mn0%3D%7C3000%7C%7C%7C&amp;sdata=ax3iJSjD7dcINrA%2FnlIUV7jyfYFW7Qbeem9bqwiCiz4%3D&amp;reserved=0\">www.nlapromotores.com<\/a>&nbsp;pone a disposici\u00f3n de los usuarios el presente documento con el que pretende dar cumplimiento a las obligaciones dispuestas en la Ley 34\/2002, de Servicios de la Sociedad de la Informaci\u00f3n y del Comercio Electr\u00f3nico (en adelante LSSI-CE) entre otra normativa vigente, as\u00ed\u0301 como informar a todos los usuarios de las condiciones de uso. Toda persona que acceda a este sitio web asume el papel de usuario, comprometi\u00e9ndose a la observancia y cumplimiento riguroso de las disposiciones aqu\u00ed\u0301 dispuestas, as\u00ed\u0301 como a cualquier otra disposici\u00f3n legal que fuera de aplicaci\u00f3n.<\/p>\n\n\n\n<p><strong><u>CONDICIONES GENERALES<\/u><\/strong><\/p>\n\n\n\n<p>El acceso y uso del sitio web implica la expresa y plena aceptaci\u00f3n de estas condiciones generales en la versi\u00f3n publicada en el momento en que el usuario acceda al mismo, sin perjuicio de las condiciones particulares que pudieran aplicarse en algunos de los servicios concretos del sitio web.<\/p>\n\n\n\n<p>El usuario acepta que el acceso al presente sitio web y de los contenidos incluidos en el mismo tiene lugar libre y conscientemente, bajo su exclusiva responsabilidad.<\/p>\n\n\n\n<p>Los usuarios acceden al sitio web de forma libre y gratuita, si bien&nbsp;<em>Truccsa<\/em>&nbsp;se reserva el derecho de limitar su acceso para determinados contenidos o servicios, exigiendo el registro de sus datos previamente al acceso.<\/p>\n\n\n\n<p><em>NLA<\/em>&nbsp;se reserva el derecho a modificar en cualquier momento la presentaci\u00f3n, configuraci\u00f3n y localizaci\u00f3n del sitio web, as\u00ed como los contenidos, servicios y las condiciones requeridas para utilizar los mismos cuando lo considere oportuno o con la finalidad de adecuarse a los cambios legislativos y tecnol\u00f3gicos futuros. Estas modificaciones ser\u00e1n v\u00e1lidas desde su publicaci\u00f3n en el sitio web.<\/p>\n\n\n\n<p><em>NLA<\/em>&nbsp;se reserva el derecho a interrumpir el acceso al presente sitio web en cualquier momento y sin previo aviso, ya sea por motivos t\u00e9cnicos, de seguridad, de control, de mantenimiento, por fallos de suministro el\u00e9ctrico, o por cualquier otra causa.<\/p>\n\n\n\n<p><em>NLA<\/em>&nbsp;se compromete a no remitir comunicaciones comerciales sin identificarlas como tales, conforme a lo dispuesto en la Ley 34\/2002 LSSI-CE. A estos efectos no ser\u00e1 considerado como comunicaci\u00f3n comercial toda la informaci\u00f3n que se env\u00ede a los clientes siempre que tenga por finalidad el mantenimiento de la relaci\u00f3n contractual existente entre cliente y la empresa, as\u00ed como el desempe\u00f1o de las tareas de informaci\u00f3n y otras actividades propias del servicio que el cliente tiene contratado con nosotros.<\/p>\n\n\n\n<p>Al utilizar nuestros formularios Web nos otorga su consentimiento de forma voluntaria y expresa para el tratamiento de sus datos, de la misma forma tendr\u00e1\u0301 el derecho de revocar este consentimiento, en cualquier momento, con la simple notificaci\u00f3n de dicha voluntad mediante correo postal o electr\u00f3nico, a trav\u00e9s de las direcciones arriba se\u00f1aladas.<\/p>\n\n\n\n<p><strong><u>INFORMACI\u00d3N A USUARIOS SOBRE USO DE LA WEB<\/u><\/strong><\/p>\n\n\n\n<p>En general puede usar nuestra p\u00e1gina web sin facilitar ninguna informaci\u00f3n de car\u00e1cter personal.&nbsp;<em>NLA<\/em>&nbsp;crea la web&nbsp;<a href=\"https:\/\/eur05.safelinks.protection.outlook.com\/?url=http%3A%2F%2Fwww.nlapromotores.com%2F&amp;data=05%7C01%7Cjlmendez%40cetainformatica.es%7C182a446e0c0944eb7ac308dbd153f778%7C7a33e02bd664420a92a21f39b67d8794%7C0%7C0%7C638333930820026419%7CUnknown%7CTWFpbGZsb3d8eyJWIjoiMC4wLjAwMDAiLCJQIjoiV2luMzIiLCJBTiI6Ik1haWwiLCJXVCI6Mn0%3D%7C3000%7C%7C%7C&amp;sdata=ax3iJSjD7dcINrA%2FnlIUV7jyfYFW7Qbeem9bqwiCiz4%3D&amp;reserved=0\">www.nlapromotores.com<\/a>&nbsp;con el fin de ser una plataforma online que permite conocer nuestros productos, poniendo a disposici\u00f3n de los usuarios un medio para contactar con nosotros.<\/p>\n\n\n\n<p>En general puede usar nuestra p\u00e1gina web sin facilitar informaci\u00f3n alguna de car\u00e1cter personal. Para contactar con nosotros a trav\u00e9s de la web le ser\u00e1 solicitado su nombre y correo electr\u00f3nico, estos datos son obligatorios y estrictamente necesarios para poder atenderle, comunicarnos con usted y responder su consulta o solicitud.<\/p>\n\n\n\n<p>Por favor, en los formularios evite incluir informaci\u00f3n confidencialidad o sensible. En caso de que necesitemos alguna informaci\u00f3n adicional, nos pondremos en contacto con Ud.<\/p>\n\n\n\n<p><em>NLA <\/em>ser\u00e1 la entidad responsable de la actividad de tratamiento generada con los datos de car\u00e1cter personal suministrados por los usuarios de su p\u00e1gina web.<\/p>\n\n\n\n<p>En nuestro formulario web \u201cContacto\u201d el usuario dar\u00e1 su consentimiento expreso al tratamiento de sus datos personales conforme a la finalidad, legitimaci\u00f3n y plazo de conservaci\u00f3n que se informan mediante el marcado de la casilla de aceptaci\u00f3n correspondiente, antes de pulsar el bot\u00f3n \u201cenviar\u201d.<\/p>\n\n\n\n<p>En el caso de que el usuario facilite datos de terceros, manifiesta contar con el consentimiento de los mismos y se compromete a trasladarle la informaci\u00f3n contenida en nuestra Pol\u00edtica de Privacidad, eximiendo a&nbsp;<em>NLA<\/em>&nbsp;como titular web de cualquier responsabilidad en este sentido. Podremos llevar a cabo verificaciones peri\u00f3dicas para constatar este hecho, adoptando las medidas de diligencia debida que correspondan conforme a la normativa de protecci\u00f3n de datos.<\/p>\n\n\n\n<p>Por otro lado, de acuerdo con lo dispuesto en la Ley 34\/2002, de 11 de Julio, de Servicios de la Sociedad de Informaci\u00f3n y de Comercio Electr\u00f3nico,&nbsp;<em>NLA,<\/em> se compromete a no enviar publicidad a trav\u00e9s del correo electr\u00f3nico si previamente no ha dado su consentimiento o existe una relaci\u00f3n como cliente. El Usuario podr\u00e1 autorizar o no el env\u00edo de publicidad marcando la casilla correspondiente.<\/p>\n\n\n\n<p><strong><u>PROTECCI\u00d3N DE DATOS&nbsp;PERSONALES<\/u><\/strong><\/p>\n\n\n\n<p>A trav\u00e9s de este sitio web se recopilan y tratan datos de car\u00e1cter personal de los usuarios que contactan con nosotros por cualquiera de las v\u00edas habilitadas para ello (env\u00edo de email, por tel\u00e9fono o mediante la cumplimentaci\u00f3n de los formularios online de contacto).<\/p>\n\n\n\n<p><em>NLA<\/em>&nbsp;ser\u00e1 la entidad responsable de la actividad de tratamiento generada con los datos de car\u00e1cter personal suministrados por los usuarios a trav\u00e9s de la web. De acuerdo con el RGPD<em>&nbsp;NLA<\/em>&nbsp;se compromete al cumplimiento de su obligaci\u00f3n de tratarlos con confidencialidad. A estos efectos, adoptar\u00e1 las medidas de seguridad necesarias para evitar su alteraci\u00f3n, p\u00e9rdida, tratamiento o acceso no autorizado.<\/p>\n\n\n\n<p>Los datos personales recabados no ser\u00e1n cedidos a terceros sin su consentimiento expreso, aunque podr\u00e1n ser comunicados a encargados de tratamiento siempre en base a la finalidad para la que son tratados. El usuario que figure en nuestras bases de datos puede ejercitar sus derechos de acceso, rectificaci\u00f3n, supresi\u00f3n, portabilidad, limitaci\u00f3n, oposici\u00f3n y a retirar el consentimiento previamente prestado al tratamiento de sus datos, entre otros, dirigi\u00e9ndose a&nbsp;<em>NLA <\/em>en Avda. Libertad N.\u00ba 100A, C.P. 30.710, Los Alc\u00e1zares, Murcia o a <a href=\"mailto:sales@nlagrupoinmobiliario.com\">sales@nlagrupoinmobiliario.com<\/a> mediante solicitud firmada y acompa\u00f1ada de fotocopia del N.I.F.<\/p>\n\n\n\n<p><em>NLA<\/em>&nbsp;tratar\u00e1 sus datos de manera l\u00edcita, leal, transparente, adecuada, pertinente, limitada, exacta y actualizada. Mientras no nos comunique lo contrario, entenderemos que sus datos no han sido modificados, usted se compromete a notificarnos cualquier variaci\u00f3n.<\/p>\n\n\n\n<p>Le informamos que podr\u00e1 revocar en cualquier momento el consentimiento prestado a la recepci\u00f3n de publicidad sobre&nbsp;<em>NLA <\/em>enviando un e-mail a la direcci\u00f3n de correo: <a href=\"mailto:sales@nlagrupoinmobiliario.com\">sales@nlagrupoinmobiliario.com<\/a>. Podr\u00e1 dirigirse a la Agencia Espa\u00f1ola de Protecci\u00f3n de Datos para presentar la reclamaci\u00f3n que considere oportuna sobre el inapropiado tratamiento de sus datos&nbsp;<a href=\"https:\/\/eur05.safelinks.protection.outlook.com\/?url=http%3A%2F%2Fwww.aepd.es%2F&amp;data=05%7C01%7Cjlmendez%40cetainformatica.es%7C182a446e0c0944eb7ac308dbd153f778%7C7a33e02bd664420a92a21f39b67d8794%7C0%7C0%7C638333930820026419%7CUnknown%7CTWFpbGZsb3d8eyJWIjoiMC4wLjAwMDAiLCJQIjoiV2luMzIiLCJBTiI6Ik1haWwiLCJXVCI6Mn0%3D%7C3000%7C%7C%7C&amp;sdata=6DamX5bh%2BnI09LNUhKYCTKvJ%2BDpMF8VUIsTLMiN14tM%3D&amp;reserved=0\">www.aepd.es<\/a>.<\/p>\n\n\n\n<p>El tratamiento de estos datos personales se realizar\u00e1 de conformidad con lo dispuesto en nuestra Pol\u00edtica de Privacidad y Pol\u00edtica de Cookies publicadas en esta web.<\/p>\n\n\n\n<p><strong><u>AVISO DE COPYRIGHT:<\/u><\/strong><strong>&nbsp;<u>DERECHOS DE AUTOR Y PROPIEDAD INTELECTUAL.<\/u><\/strong><\/p>\n\n\n\n<p><em>NLA<\/em>&nbsp;ostenta la titularidad del presente sitio web. Todos los derechos de propiedad industrial e intelectual sobre este portal de Internet est\u00e1n legalmente reservados, por lo que el acceso o su utilizaci\u00f3n por parte del usuario, no debe considerarse, en forma alguna, como el otorgamiento de ninguna licencia de uso o derecho sobre cualquier activo.<\/p>\n\n\n\n<p>Igualmente est\u00e1n protegidos por los correspondientes derechos de propiedad intelectual e industrial los documentos, fotograf\u00edas, videos y, en general, todo el contenido multimedia que obra en el servidor de esta web de&nbsp;<em>NLA.<\/em><\/p>\n\n\n\n<p>Todos los dise\u00f1os y elementos gr\u00e1ficos que integran el dise\u00f1o de esta web, logotipos, gr\u00e1ficos, marcas, nombre comercial o signo distintivo, men\u00fas, colores, im\u00e1genes, los contenidos, textos, estructura, selecci\u00f3n, ordenaci\u00f3n y presentaci\u00f3n de los contenidos y dem\u00e1s elementos insertados en la web son propiedad de&nbsp;<em>NLA <\/em>o de terceros, y pertenecen a sus respectivos propietarios, estando protegidos conforme a lo dispuesto en la legislaci\u00f3n en materia de propiedad intelectual e industrial. En todo caso,&nbsp;<em>NLA<\/em>&nbsp;cuenta con la autorizaci\u00f3n expresa y previa por parte de los mismos.<\/p>\n\n\n\n<p>Por lo anterior, se proh\u00edbe a los usuarios de la web reproducir, ceder, copiar, modificar o cualquier uso total o parcial de la informaci\u00f3n y contenidos de este sitio web sin nuestra autorizaci\u00f3n previa y por escrito.<\/p>\n\n\n\n<p>Los usuarios del sitio web \u00fanicamente podr\u00e1n realizar un uso privado, personal o profesional de los contenidos de \u00e9ste. Est\u00e1 absolutamente prohibido, el uso del sitio web o de alguno de sus elementos con fines comerciales o il\u00edcitos. No se podr\u00e1n realizar actos de reproducci\u00f3n, modificaci\u00f3n, distribuci\u00f3n o comunicaci\u00f3n p\u00fablica del sitio web sin el previo consentimiento por escrito de&nbsp;<em>NLA.<\/em>&nbsp;&nbsp;<\/p>\n\n\n\n<p><em>NLA&nbsp;<\/em>no asumir\u00e1 ninguna responsabilidad derivada del uso por terceros del contenido del sitio web y podr\u00e1 ejercitar todas las acciones civiles o penales que le correspondan en caso de infracci\u00f3n de estos derechos por parte del usuario.<\/p>\n\n\n\n<p><strong><u>CL\u00c1USULA DE EXENCI\u00d3N DE RESPONSABILIDAD<\/u><\/strong><\/p>\n\n\n\n<p>Los contenidos incorporados al sitio web han sido elaborados en todo momento de buena fe con el prop\u00f3sito de dar la informaci\u00f3n m\u00e1s completa a los usuarios. Hacemos todos los esfuerzos para que la informaci\u00f3n contenida en su Web sea veraz y sin errores.<\/p>\n\n\n\n<p><em>NLA<\/em>&nbsp;no se responsabiliza del mal uso que los usuarios puedan hacer del sitio web.<\/p>\n\n\n\n<ol class=\"wp-block-list\" type=\"1\" start=\"1\">\n<li>Responsabilidad por el funcionamiento del sitio web.<\/li>\n<\/ol>\n\n\n\n<p><em>NLA<\/em>&nbsp;intentar\u00e1 reducir al m\u00ednimo los problemas ocasionados por errores de car\u00e1cter t\u00e9cnico, pudiendo proceder a la suspensi\u00f3n temporal de los servicios y contenidos del sitio web para efectuar operaciones de mantenimiento, mejora o reparaci\u00f3n de los mismos, sin que ello origine indemnizaci\u00f3n alguna al usuario por estos conceptos.<\/p>\n\n\n\n<p>Se advierte que alguna informaci\u00f3n contenida en esta web puede haber sido creada o recogida en archivos o formatos no exentos de errores, por lo que no se puede garantizar que el servicio no quede interrumpido o afectado por tales problemas.<\/p>\n\n\n\n<p><em>NLA<\/em>&nbsp;no asume responsabilidad alguna respecto de los da\u00f1os que pudieran ocasionar al usuario a resultas de la consulta de la presente p\u00e1gina web, o de aquellas otras externas objeto de reenv\u00edo.<\/p>\n\n\n\n<p><em>NLA<\/em>&nbsp;no ser\u00e1 responsable en caso de que existan interrupciones del servicio, o mal funcionamiento del mismo que tengan su origen en supuestos de caso fortuito, fuerza mayor u otras causas que escapan de su control.<\/p>\n\n\n\n<ol class=\"wp-block-list\" type=\"1\" start=\"2\">\n<li>Responsabilidad por el uso de enlaces<\/li>\n<\/ol>\n\n\n\n<p><em>NLA <\/em>no asume ninguna responsabilidad derivada de la existencia de enlaces entre los contenidos de este sitio y contenidos situados fuera del mismo, o de cualquier otra menci\u00f3n de contenidos externos a este sitio. En el caso de que&nbsp;<em>NLA<\/em>&nbsp;constate por alg\u00fan medio la ilicitud de la p\u00e1gina web, o que lesiona bienes o derechos de un tercero susceptibles de indemnizaci\u00f3n, suprimir\u00e1 o inutilizar\u00e1 dicho enlace.<\/p>\n\n\n\n<p>La presencia de otros enlaces en el sitio web tiene una finalidad meramente informativa, no constituyendo en ning\u00fan caso una invitaci\u00f3n o recomendaci\u00f3n a la contrataci\u00f3n de productos o servicios que se ofrezcan en el sitio de Internet de destino, y en ning\u00fan caso implican el apoyo a las personas o entidades autoras de tales contenidos o titulares de los sitios donde se encuentren.<\/p>\n\n\n\n<p>De esta manera&nbsp;<em>NLA<\/em>&nbsp;no se responsabiliza del contenido y disponibilidad de los sitios web a los que enlaza fuera de su p\u00e1gina, de cualquier da\u00f1o o p\u00e9rdida que pueda surgir por la conexi\u00f3n o por el uso de cualquier contenido, producto o servicio disponible en los sitios web a los que se dirijan los enlaces.<\/p>\n\n\n\n<ol class=\"wp-block-list\" type=\"1\" start=\"3\">\n<li>Responsabilidad por comunicaciones realizadas a trav\u00e9s de la web<\/li>\n<\/ol>\n\n\n\n<p>La informaci\u00f3n que contiene esta Web puede facilitarse a trav\u00e9s de Internet u otros medios.&nbsp;<em>NLA<\/em>&nbsp;no garantiza la privacidad de las comunicaciones realizadas por los usuarios en relaci\u00f3n o a trav\u00e9s de esta Web. Los usuarios de esta Web afirman conocer que las comunicaciones transmitidas a trav\u00e9s de la misma son p\u00fablicas y no comunicaciones inexpugnables.<\/p>\n\n\n\n<p><em>NLA<\/em>&nbsp;no utiliza t\u00e9cnicas de \u00abspamming\u00bb y \u00fanicamente tratar\u00e1 los datos que el usuario transmita mediante el formulario electr\u00f3nico, el email o el registro de usuario habilitados en este sitio web.<\/p>\n\n\n\n<ol class=\"wp-block-list\" type=\"1\" start=\"4\">\n<li>Responsabilidad por contenidos publicados por terceros en la Web<\/li>\n<\/ol>\n\n\n\n<p><em>NLA<\/em>&nbsp;se exime de cualquier tipo de responsabilidad derivada de la informaci\u00f3n publicada en la web, siempre que esta informaci\u00f3n haya sido manipulada o introducida por un tercero ajeno al mismo.<\/p>\n\n\n\n<p>No obstante, en cumplimiento de lo dispuesto en el art. 11 y 16 de la LSSI-CE,&nbsp;<em>NLA<\/em>&nbsp;se pone a disposici\u00f3n de todos los usuarios, autoridades y fuerzas de seguridad, y colaborando de forma activa en la retirada o en su caso bloqueo de todos aquellos contenidos que pudieran afectar o contravenir la legislaci\u00f3n nacional, o internacional, derechos de terceros o la moral y el orden p\u00fablico.<\/p>\n\n\n\n<ol class=\"wp-block-list\" type=\"1\" start=\"5\">\n<li>Responsabilidad&nbsp;por uso de la web por menores.<\/li>\n<\/ol>\n\n\n\n<p>La web de&nbsp;<em>NLA<\/em>&nbsp;est\u00e1 dirigida exclusivamente a usuarios mayores de edad queda prohibido el uso de esta web por menores de edad. Los menores de 14 a\u00f1os pueden acceder y visualizar la web, pero en ning\u00fan caso podr\u00e1n facilitarnos sus datos personales, para ello ser\u00e1 precisa la autorizaci\u00f3n de sus padres (de ambos o al menos de uno con el consentimiento del otro), tutores, representante legal o de la persona a la que est\u00e9n a cargo.<\/p>\n\n\n\n<p><em>NLA<\/em>&nbsp;no asume ninguna responsabilidad en caso de que menores de edad nos faciliten sus datos incumpliendo las exigencias de este p\u00e1rrafo.<\/p>\n\n\n\n<ol class=\"wp-block-list\" type=\"1\" start=\"6\">\n<li>Resoluci\u00f3n de controversias.&nbsp;Cualquier cuesti\u00f3n o controversia relacionada con el presente sitio web se regir\u00e1 y dirimir\u00e1 conforme a la legislaci\u00f3n espa\u00f1ola. Ser\u00e1\u0301 obligatorio que en caso de conflicto las partes intenten previamente resolver la cuesti\u00f3n de mutuo acuerdo.<\/li>\n<\/ol>\n\n\n\n<p>&nbsp;Le informamos que la Comisi\u00f3n Europea ha creado una plataforma online (<a href=\"https:\/\/eur05.safelinks.protection.outlook.com\/?url=http%3A%2F%2Fec.europa.eu%2Fconsumers%2Fodr&amp;data=05%7C01%7Cjlmendez%40cetainformatica.es%7C182a446e0c0944eb7ac308dbd153f778%7C7a33e02bd664420a92a21f39b67d8794%7C0%7C0%7C638333930820182686%7CUnknown%7CTWFpbGZsb3d8eyJWIjoiMC4wLjAwMDAiLCJQIjoiV2luMzIiLCJBTiI6Ik1haWwiLCJXVCI6Mn0%3D%7C3000%7C%7C%7C&amp;sdata=Cy4Z1TtrPY4BaMPnIPsXFgLSkwV9wfWuXf%2F2YE0zWoU%3D&amp;reserved=0\" target=\"_blank\" rel=\"noreferrer noopener\">http:\/\/ec.europa.eu\/consumers\/odr<\/a>) para que los usuarios web pueden intentar llegar a acuerdos sin ir a juicio relacionados con las disputas que surjan en las compras y contratos de servicios en l\u00ednea.<\/p>\n\n\n\n<p>Si tiene alguna duda o quiere ampliar informaci\u00f3n sobre el funcionamiento de nuestra web puede dirigirse a Avda. Libertad N.\u00ba 100A, C.P. 30.710, Los Alc\u00e1zares, Murcia o a&nbsp;<a href=\"mailto:sales@nlagrupoinmobiliario.com\">sales@nlagrupoinmobiliario.com<\/a>.<\/p>","protected":false},"excerpt":{"rendered":"<p>ATENCI\u00d3N: POR FAVOR, LEA DETENIDAMENTE ESTAS CONDICIONES ANTES DE UTILIZAR ESTA WEB, NO LA UTILICE EN CASO DE NO ACEPTAR<\/p>","protected":false},"author":1,"featured_media":0,"parent":0,"menu_order":9,"comment_status":"closed","ping_status":"closed","template":"","meta":{"_acf_changed":false,"footnotes":""},"class_list":["post-525","page","type-page","status-publish","hentry"],"acf":[],"yoast_head":"<!-- This site is optimized with the Yoast SEO plugin v27.5 - https:\/\/yoast.com\/product\/yoast-seo-wordpress\/ -->\n<title>Aviso legal - NLA Grupo Inmobiliario<\/title>\n<meta name=\"robots\" content=\"index, follow, max-snippet:-1, max-image-preview:large, max-video-preview:-1\" \/>\n<link rel=\"canonical\" href=\"https:\/\/www.nlapromotores.com\/en\/aviso-legal\/\" \/>\n<meta property=\"og:locale\" content=\"en_GB\" \/>\n<meta property=\"og:type\" content=\"article\" \/>\n<meta property=\"og:title\" content=\"Aviso legal - NLA Grupo Inmobiliario\" \/>\n<meta property=\"og:description\" content=\"ATENCI\u00d3N: POR FAVOR, LEA DETENIDAMENTE ESTAS CONDICIONES ANTES DE UTILIZAR ESTA WEB, NO LA UTILICE EN CASO DE NO ACEPTAR\" \/>\n<meta property=\"og:url\" content=\"https:\/\/www.nlapromotores.com\/en\/aviso-legal\/\" \/>\n<meta property=\"og:site_name\" content=\"NLA Grupo Inmobiliario\" \/>\n<meta property=\"article:modified_time\" content=\"2023-10-30T08:04:12+00:00\" \/>\n<meta name=\"twitter:card\" content=\"summary_large_image\" \/>\n<meta name=\"twitter:label1\" content=\"Estimated reading time\" \/>\n\t<meta name=\"twitter:data1\" content=\"11 minutes\" \/>\n<script type=\"application\/ld+json\" class=\"yoast-schema-graph\">{\"@context\":\"https:\\\/\\\/schema.org\",\"@graph\":[{\"@type\":\"WebPage\",\"@id\":\"https:\\\/\\\/www.nlapromotores.com\\\/aviso-legal\\\/\",\"url\":\"https:\\\/\\\/www.nlapromotores.com\\\/aviso-legal\\\/\",\"name\":\"Aviso legal - NLA Grupo Inmobiliario\",\"isPartOf\":{\"@id\":\"https:\\\/\\\/www.nlapromotores.com\\\/#website\"},\"datePublished\":\"2023-10-19T08:16:57+00:00\",\"dateModified\":\"2023-10-30T08:04:12+00:00\",\"breadcrumb\":{\"@id\":\"https:\\\/\\\/www.nlapromotores.com\\\/aviso-legal\\\/#breadcrumb\"},\"inLanguage\":\"en-GB\",\"potentialAction\":[{\"@type\":\"ReadAction\",\"target\":[\"https:\\\/\\\/www.nlapromotores.com\\\/aviso-legal\\\/\"]}]},{\"@type\":\"BreadcrumbList\",\"@id\":\"https:\\\/\\\/www.nlapromotores.com\\\/aviso-legal\\\/#breadcrumb\",\"itemListElement\":[{\"@type\":\"ListItem\",\"position\":1,\"name\":\"Portada\",\"item\":\"https:\\\/\\\/www.nlapromotores.com\\\/\"},{\"@type\":\"ListItem\",\"position\":2,\"name\":\"Aviso legal\"}]},{\"@type\":\"WebSite\",\"@id\":\"https:\\\/\\\/www.nlapromotores.com\\\/#website\",\"url\":\"https:\\\/\\\/www.nlapromotores.com\\\/\",\"name\":\"NLA Grupo Inmobiliario\",\"description\":\"Construccio\u0301n y comercializacio\u0301n de viviendas en el a\u0301rea del Mar Menor\",\"potentialAction\":[{\"@type\":\"SearchAction\",\"target\":{\"@type\":\"EntryPoint\",\"urlTemplate\":\"https:\\\/\\\/www.nlapromotores.com\\\/?s={search_term_string}\"},\"query-input\":{\"@type\":\"PropertyValueSpecification\",\"valueRequired\":true,\"valueName\":\"search_term_string\"}}],\"inLanguage\":\"en-GB\"}]}<\/script>\n<!-- \/ Yoast SEO plugin. -->","yoast_head_json":{"title":"Aviso legal - NLA Grupo Inmobiliario","robots":{"index":"index","follow":"follow","max-snippet":"max-snippet:-1","max-image-preview":"max-image-preview:large","max-video-preview":"max-video-preview:-1"},"canonical":"https:\/\/www.nlapromotores.com\/en\/aviso-legal\/","og_locale":"en_GB","og_type":"article","og_title":"Aviso legal - NLA Grupo Inmobiliario","og_description":"ATENCI\u00d3N: POR FAVOR, LEA DETENIDAMENTE ESTAS CONDICIONES ANTES DE UTILIZAR ESTA WEB, NO LA UTILICE EN CASO DE NO ACEPTAR","og_url":"https:\/\/www.nlapromotores.com\/en\/aviso-legal\/","og_site_name":"NLA Grupo Inmobiliario","article_modified_time":"2023-10-30T08:04:12+00:00","twitter_card":"summary_large_image","twitter_misc":{"Estimated reading time":"11 minutes"},"schema":{"@context":"https:\/\/schema.org","@graph":[{"@type":"WebPage","@id":"https:\/\/www.nlapromotores.com\/aviso-legal\/","url":"https:\/\/www.nlapromotores.com\/aviso-legal\/","name":"Aviso legal - NLA Grupo Inmobiliario","isPartOf":{"@id":"https:\/\/www.nlapromotores.com\/#website"},"datePublished":"2023-10-19T08:16:57+00:00","dateModified":"2023-10-30T08:04:12+00:00","breadcrumb":{"@id":"https:\/\/www.nlapromotores.com\/aviso-legal\/#breadcrumb"},"inLanguage":"en-GB","potentialAction":[{"@type":"ReadAction","target":["https:\/\/www.nlapromotores.com\/aviso-legal\/"]}]},{"@type":"BreadcrumbList","@id":"https:\/\/www.nlapromotores.com\/aviso-legal\/#breadcrumb","itemListElement":[{"@type":"ListItem","position":1,"name":"Portada","item":"https:\/\/www.nlapromotores.com\/"},{"@type":"ListItem","position":2,"name":"Aviso legal"}]},{"@type":"WebSite","@id":"https:\/\/www.nlapromotores.com\/#website","url":"https:\/\/www.nlapromotores.com\/","name":"NLA Promoters","description":"Building and marketing homes in the area of the Mar Menor","potentialAction":[{"@type":"SearchAction","target":{"@type":"EntryPoint","urlTemplate":"https:\/\/www.nlapromotores.com\/?s={search_term_string}"},"query-input":{"@type":"PropertyValueSpecification","valueRequired":true,"valueName":"search_term_string"}}],"inLanguage":"en-GB"}]}},"_links":{"self":[{"href":"https:\/\/www.nlapromotores.com\/en\/wp-json\/wp\/v2\/pages\/525","targetHints":{"allow":["GET"]}}],"collection":[{"href":"https:\/\/www.nlapromotores.com\/en\/wp-json\/wp\/v2\/pages"}],"about":[{"href":"https:\/\/www.nlapromotores.com\/en\/wp-json\/wp\/v2\/types\/page"}],"author":[{"embeddable":true,"href":"https:\/\/www.nlapromotores.com\/en\/wp-json\/wp\/v2\/users\/1"}],"replies":[{"embeddable":true,"href":"https:\/\/www.nlapromotores.com\/en\/wp-json\/wp\/v2\/comments?post=525"}],"version-history":[{"count":2,"href":"https:\/\/www.nlapromotores.com\/en\/wp-json\/wp\/v2\/pages\/525\/revisions"}],"predecessor-version":[{"id":535,"href":"https:\/\/www.nlapromotores.com\/en\/wp-json\/wp\/v2\/pages\/525\/revisions\/535"}],"wp:attachment":[{"href":"https:\/\/www.nlapromotores.com\/en\/wp-json\/wp\/v2\/media?parent=525"}],"curies":[{"name":"wp","href":"https:\/\/api.w.org\/{rel}","templated":true}]}}